{"id":11891,"date":"2023-07-07T12:33:49","date_gmt":"2023-07-07T09:33:49","guid":{"rendered":"https:\/\/www.designdandelion.com\/?post_type=product&#038;p=11891"},"modified":"2025-03-22T05:30:47","modified_gmt":"2025-03-22T02:30:47","slug":"sa0119","status":"publish","type":"product","link":"https:\/\/www.designdandelion.com\/en\/urun\/sa0119\/","title":{"rendered":"SA0119"},"content":{"rendered":"<p>\u00dcr\u00fcn g\u00f6rseli d\u0131\u015f\u0131ndaki renk se\u00e7enekli sipari\u015fleriniz i\u00e7in yap\u0131m ve teslim s\u00fcresi de\u011fi\u015fkenlik g\u00f6stermektedir. Yap\u0131m s\u00fcresi ve sipari\u015fi i\u00e7in l\u00fctfen bizlerle ileti\u015fime ge\u00e7iniz.<\/p>\n<p>&nbsp;<\/p>\n<p class=\"aee4a9f8b8244e64p1\"><span class=\"e623268c383f13bbs1\"><b>\u00dcR\u00dcN B\u0130LG\u0130LER\u0130<\/b><\/span><\/p>\n<ul type=\"circle\">\n<li class=\"a1f3e457efeceeali4\"><span class=\"e92479ddebb7ed41s3\">\u00dcr\u00fcn tamamen el yap\u0131m\u0131d\u0131r.<\/span><\/li>\n<li class=\"a1f3e457efeceeali4\"><span class=\"e92479ddebb7ed41s3\">\u00dcr\u00fcn\u00fcn yap\u0131m\u0131nda t\u00fcm yapraklar\u0131 da dahil olmak \u00fczere \u00f6zel bir teknik ve \u00f6zel bir re\u00e7ine kullan\u0131lm\u0131\u015ft\u0131r.Narin yaprak yap\u0131s\u0131 sebebiyle \u00e7ok hassas kullan\u0131lmas\u0131 gerekmektedir.<\/span><\/li>\n<li class=\"a1f3e457efeceeali4\"><span class=\"e92479ddebb7ed41s3\">\u00dcr\u00fcn\u00fcn stokta bulunmamas\u0131 durumunda yeniden yap\u0131l\u0131p, yap\u0131lamayaca\u011f\u0131 bilgisi, renk opsiyonlar\u0131 ve haz\u0131rlanma s\u00fcresi i\u00e7in\u00a0<a href=\"mailto:dandeliondesigntr@gmail.com\" target=\"_blank\" rel=\"noopener noreferrer\">dandeliondesigntr@gmail.com<\/a>\u00a0adresinden ileti\u015fime ge\u00e7ebilirsiniz.<\/span><\/li>\n<li class=\"a1f3e457efeceeali4\"><span class=\"e92479ddebb7ed41s3\">\u00dcr\u00fcn \u00fczerinde ki\u015fisel isteklere g\u00f6re de\u011fi\u015fiklik yap\u0131lmamaktad\u0131r.<\/span><\/li>\n<li class=\"a1f3e457efeceeali4\"><span class=\"e92479ddebb7ed41s3\">\u00dcr\u00fcn\u00fcn tamamen el i\u015f\u00e7ili\u011fi ile haz\u0131rlanm\u0131\u015f olmas\u0131\u00a0sebebiyle stok \u00fcr\u00fcnlerin hepsi g\u00f6rsellerden ufak farkl\u0131l\u0131klar i\u00e7erebilmektedir.<\/span><\/li>\n<\/ul>\n<p class=\"aee4a9f8b8244e64p1\"><span class=\"e623268c383f13bbs1\"><b>\u00dcR\u00dcN BAKIMI<\/b><\/span><\/p>\n<ul type=\"circle\">\n<li class=\"a1f3e457efeceeali4\"><span class=\"e92479ddebb7ed41s3\">\u00dcr\u00fcnler kendi \u00f6zel kutusunda g\u00f6nderilmektedir.<\/span><\/li>\n<li class=\"a1f3e457efeceeali4\"><span class=\"e92479ddebb7ed41s3\">\u00dcr\u00fcnlerinizin kullan\u0131m s\u00fcrelerini maksimumda tutabilmek i\u00e7in toz ve nemden uzak olacak \u015fekilde kendi kutular\u0131nda saklaman\u0131z\u0131 \u00f6neririz.<\/span><\/li>\n<li class=\"a1f3e457efeceeali4\"><span class=\"e92479ddebb7ed41s3\">\u00dcr\u00fcnlerin oksitlenme s\u00fcrelerini h\u0131zland\u0131rmamak i\u00e7in herhangi s\u0131v\u0131\/kimyasal ile temas ettirmeyiniz.<\/span><\/li>\n<li class=\"a1f3e457efeceeali4\"><span class=\"e92479ddebb7ed41s3\">El yap\u0131m\u0131 olmalar\u0131 sebebiyle t\u00fcm \u00fcr\u00fcnleri kullan\u0131rken\/sa\u00e7a sabitleme esnas\u0131nda hassas kullan\u0131m gerektirdi\u011fini l\u00fctfen unutmay\u0131n\u0131z.<\/span><\/li>\n<\/ul>\n<p class=\"aee4a9f8b8244e64p1\"><span class=\"e623268c383f13bbs1\"><b>\u00d6DEME &amp; TESL\u0130M<\/b><\/span><\/p>\n<ul type=\"circle\">\n<li class=\"a1f3e457efeceeali4\"><span class=\"e92479ddebb7ed41s3\">%18 KDV dahil \u00fccrettir.Kargo \u00fccreti \u00fcr\u00fcn fiyat\u0131na dahil de\u011fildir.<\/span><\/li>\n<li class=\"a1f3e457efeceeali4\"><span class=\"e92479ddebb7ed41s3\">Online sitemiz kredi kart\u0131 veya\u00a0EFT\/Havale\u00a0ile\u00a0\u00f6deme kabul etmektedir.EFT\/Havale ile \u00f6deme opsiyonu i\u00e7in,sipari\u015f sonras\u0131 24 saat i\u00e7erisinde \u00f6demesi al\u0131nmayan sipari\u015fler ge\u00e7ersiz say\u0131lmaktad\u0131r.\u0130leri tarihli yap\u0131lan EFT\/Havale \u00f6demelerine ait dekontlar\u0131 l\u00fctfen\u00a0<a href=\"mailto:dandeliondesigntr@gmail.com\" target=\"_blank\" rel=\"noopener noreferrer\">dandeliondesigntr@gmail.com<\/a>\u00a0adresine g\u00f6nderiniz.<\/span><\/li>\n<li class=\"a1f3e457efeceeali4\"><span class=\"e92479ddebb7ed41s3\">\u00dcr\u00fcn stokta bulunmas\u0131 durumunda 7 i\u015f g\u00fcn\u00fc i\u00e7erisinde kargolanmaktad\u0131r.Kargolama sonras\u0131 teslim s\u00fcreleri g\u00f6nderim yeri,ta\u015f\u0131y\u0131c\u0131 firma yo\u011funluklar\u0131na g\u00f6re de\u011fi\u015fkenlik g\u00f6sterebilmektedir.Dandelion Design de\u011fi\u015fken kargo teslim s\u00fcresinden sorumlu de\u011fildir.<\/span><\/li>\n<\/ul>\n<p class=\"aee4a9f8b8244e64p1\"><span class=\"e623268c383f13bbs1\"><b>\u0130ADE &amp; DE\u011e\u0130\u015e\u0130M<\/b><\/span><\/p>\n<ul type=\"circle\">\n<li class=\"a1f3e457efeceeali4\"><span class=\"e92479ddebb7ed41s3\">\u00dcr\u00fcnlerin tamamen el yap\u0131m\u0131 olmas\u0131 ve kullan\u0131m amac\u0131 (\u00f6zel g\u00fcn\/tek g\u00fcnl\u00fck kullan\u0131m) gere\u011fi iade veya de\u011fi\u015fimi kesinlikle yap\u0131lamamaktad\u0131r.<\/span><\/li>\n<\/ul>\n","protected":false},"excerpt":{"rendered":"<p>\u00dcr\u00fcn g\u00f6rseli d\u0131\u015f\u0131ndaki renk se\u00e7enekli sipari\u015fleriniz i\u00e7in yap\u0131m ve teslim s\u00fcresi de\u011fi\u015fkenlik g\u00f6stermektedir. Yap\u0131m s\u00fcresi ve sipari\u015fi i\u00e7in&hellip;<\/p>\n","protected":false},"featured_media":11860,"template":"","meta":[],"product_brand":[],"product_cat":[154,110,145],"product_tag":[],"class_list":{"0":"post-11891","1":"product","2":"type-product","3":"status-publish","4":"has-post-thumbnail","6":"product_cat-crownsidepieces","7":"product_cat-headpieces","8":"product_cat-hairaccessories","9":"product_shipping_class-medium-en","11":"first","12":"outofstock","13":"sale","14":"shipping-taxable","15":"purchasable","16":"product-type-simple"},"aioseo_notices":[],"_links":{"self":[{"href":"https:\/\/www.designdandelion.com\/en\/wp-json\/wp\/v2\/product\/11891","targetHints":{"allow":["GET"]}}],"collection":[{"href":"https:\/\/www.designdandelion.com\/en\/wp-json\/wp\/v2\/product"}],"about":[{"href":"https:\/\/www.designdandelion.com\/en\/wp-json\/wp\/v2\/types\/product"}],"wp:featuredmedia":[{"embeddable":true,"href":"https:\/\/www.designdandelion.com\/en\/wp-json\/wp\/v2\/media\/11860"}],"wp:attachment":[{"href":"https:\/\/www.designdandelion.com\/en\/wp-json\/wp\/v2\/media?parent=11891"}],"wp:term":[{"taxonomy":"product_brand","embeddable":true,"href":"https:\/\/www.designdandelion.com\/en\/wp-json\/wp\/v2\/product_brand?post=11891"},{"taxonomy":"product_cat","embeddable":true,"href":"https:\/\/www.designdandelion.com\/en\/wp-json\/wp\/v2\/product_cat?post=11891"},{"taxonomy":"product_tag","embeddable":true,"href":"https:\/\/www.designdandelion.com\/en\/wp-json\/wp\/v2\/product_tag?post=11891"}],"curies":[{"name":"wp","href":"https:\/\/api.w.org\/{rel}","templated":true}]}}